{"id":1563,"date":"2021-10-17T22:13:50","date_gmt":"2021-10-17T22:13:50","guid":{"rendered":"https:\/\/easydailythings.com\/?page_id=1563"},"modified":"2025-10-13T11:11:00","modified_gmt":"2025-10-13T11:11:00","slug":"uslovi-koriscenja","status":"publish","type":"page","link":"https:\/\/easydailythings.com\/sr\/privacy-policy\/","title":{"rendered":"Terms and conditions"},"content":{"rendered":"<div data-elementor-type=\"wp-page\" data-elementor-id=\"1563\" class=\"elementor elementor-1563\" data-elementor-post-type=\"page\">\n\t\t\t\t\t\t<section class=\"elementor-section elementor-top-section elementor-element elementor-element-6c2e02d3 elementor-section-boxed elementor-section-height-default elementor-section-height-default\" data-id=\"6c2e02d3\" data-element_type=\"section\" data-e-type=\"section\">\n\t\t\t\t\t\t<div class=\"elementor-container elementor-column-gap-default\">\n\t\t\t\t\t<div class=\"elementor-column elementor-col-100 elementor-top-column elementor-element elementor-element-14bcc756\" data-id=\"14bcc756\" data-element_type=\"column\" data-e-type=\"column\">\n\t\t\t<div class=\"elementor-widget-wrap elementor-element-populated\">\n\t\t\t\t\t\t<div class=\"elementor-element elementor-element-daf4902 elementor-widget elementor-widget-heading\" data-id=\"daf4902\" data-element_type=\"widget\" data-e-type=\"widget\" data-widget_type=\"heading.default\">\n\t\t\t\t<div class=\"elementor-widget-container\">\n\t\t\t\t\t<h2 class=\"elementor-heading-title elementor-size-default\">Terms and Conditions \ud83d\udcc4\u2696\ufe0f<\/h2>\t\t\t\t<\/div>\n\t\t\t\t<\/div>\n\t\t\t\t<div class=\"elementor-element elementor-element-56ff19b elementor-widget elementor-widget-heading\" data-id=\"56ff19b\" data-element_type=\"widget\" data-e-type=\"widget\" data-widget_type=\"heading.default\">\n\t\t\t\t<div class=\"elementor-widget-container\">\n\t\t\t\t\t<h2 class=\"elementor-heading-title elementor-size-default\">Napomena o Pouzdanosti<\/h2>\t\t\t\t<\/div>\n\t\t\t\t<\/div>\n\t\t\t\t<div class=\"elementor-element elementor-element-912b28d elementor-widget elementor-widget-text-editor\" data-id=\"912b28d\" data-element_type=\"widget\" data-e-type=\"widget\" data-widget_type=\"text-editor.default\">\n\t\t\t\t<div class=\"elementor-widget-container\">\n\t\t\t\t\t\t\t\t\t<p class=\"MsoNormal\" style=\"mso-margin-top-alt: auto; mso-margin-bottom-alt: auto; line-height: normal;\"><strong>Ovi Uslovi kori\u0161\u0107enja odra\u017eavaju visoke standarde Pouzdanosti i Transparentnosti koje zastupa Uredni\u010dki Tim EasyDailyThings. Na\u0161a posve\u0107enost je za\u0161titi Va\u0161ih podataka i obezbe\u0111ivanju jasnog, bezbednog korisni\u010dkog iskustva na na\u0161oj platformi.<\/strong><\/p>\t\t\t\t\t\t\t\t<\/div>\n\t\t\t\t<\/div>\n\t\t\t\t<div class=\"elementor-element elementor-element-5558cac elementor-widget elementor-widget-heading\" data-id=\"5558cac\" data-element_type=\"widget\" data-e-type=\"widget\" data-widget_type=\"heading.default\">\n\t\t\t\t<div class=\"elementor-widget-container\">\n\t\t\t\t\t<h2 class=\"elementor-heading-title elementor-size-default\">Prihvatanje Uslova: Saglasnost Kori\u0161\u0107enjem Platforme<\/h2>\t\t\t\t<\/div>\n\t\t\t\t<\/div>\n\t\t\t\t<div class=\"elementor-element elementor-element-ef22996 elementor-widget elementor-widget-text-editor\" data-id=\"ef22996\" data-element_type=\"widget\" data-e-type=\"widget\" data-widget_type=\"text-editor.default\">\n\t\t\t\t<div class=\"elementor-widget-container\">\n\t\t\t\t\t\t\t\t\t<p>Ukoliko koristite easydailythings.com portal automatski se podrazumeva da prihvatate aktuelne uslove kori\u0161\u0107enja i da ste ih razumeli u celosti.\u00a0<\/p><p>Zadr\u017eava se pravo da se povremeno i bez najave modifikuje tekst na ovoj stranici pa se takodje smatra da ste upoznati sa najnovijim pravilima tako da nismo odgovorni za posledice koje mogu da proisteknu iz ovih promena.\u00a0<\/p><p>S obzirom na to da su promene va\u017ee\u0107e ve\u0107 po njihovom objavljivanju savetujemo Vam da povremeno posetite ovu stranicu kako biste bili u toku sa najnovijim promenama ukoliko Vas to zanima.<\/p>\t\t\t\t\t\t\t\t<\/div>\n\t\t\t\t<\/div>\n\t\t\t\t<div class=\"elementor-element elementor-element-61894c6 elementor-widget elementor-widget-heading\" data-id=\"61894c6\" data-element_type=\"widget\" data-e-type=\"widget\" data-widget_type=\"heading.default\">\n\t\t\t\t<div class=\"elementor-widget-container\">\n\t\t\t\t\t<h2 class=\"elementor-heading-title elementor-size-default\">Za\u0161tita prava korisnika\n<\/h2>\t\t\t\t<\/div>\n\t\t\t\t<\/div>\n\t\t\t\t<div class=\"elementor-element elementor-element-99c3f99 elementor-widget elementor-widget-text-editor\" data-id=\"99c3f99\" data-element_type=\"widget\" data-e-type=\"widget\" data-widget_type=\"text-editor.default\">\n\t\t\t\t<div class=\"elementor-widget-container\">\n\t\t\t\t\t\t\t\t\t<p>Va\u0161a privatnost na ovom portalu je za\u0161ti\u0107ena. Obavezujemo se da \u0107emo prikupljene informacije dobijene od Vas, kao \u0161to su Va\u0161e ime, prezime i e-mail adresa, koristiti u dobroj nameri i da ih bez Va\u0161e saglasnosti ne\u0107emo prosle\u0111ivati dalje.<\/p><p><strong><em>Za detaljno obja\u0161njenje o na\u010dinu prikupljanja, \u010duvanja i kori\u0161\u0107enja Va\u0161ih podataka, uklju\u010duju\u0107i informacije o kola\u010di\u0107ima i uslugama tre\u0107ih lica, molimo Vas da pro\u010ditate na\u0161u detaljnu Politiku Privatnosti.<\/em><\/strong><\/p><p>Ukoliko smatrate da smo povredili Va\u0161a autorska prava razmotri\u0107emo slu\u010daj i eventualno ukloniti sadr\u017eaj ukoliko je to ta\u010dno. Kontaktirajte nas. <span style=\"text-decoration: underline;\"><em><a href=\"https:\/\/easydailythings.com\/sr\/summary-2\/\">Kontakt<\/a><\/em><\/span><\/p>\t\t\t\t\t\t\t\t<\/div>\n\t\t\t\t<\/div>\n\t\t\t\t<div class=\"elementor-element elementor-element-9bfa586 elementor-widget elementor-widget-heading\" data-id=\"9bfa586\" data-element_type=\"widget\" data-e-type=\"widget\" data-widget_type=\"heading.default\">\n\t\t\t\t<div class=\"elementor-widget-container\">\n\t\t\t\t\t<h2 class=\"elementor-heading-title elementor-size-default\">Za\u0161tita prava portala i ograni\u010denje odgovornosti\n\n<\/h2>\t\t\t\t<\/div>\n\t\t\t\t<\/div>\n\t\t\t\t<div class=\"elementor-element elementor-element-5c03d3c elementor-widget elementor-widget-text-editor\" data-id=\"5c03d3c\" data-element_type=\"widget\" data-e-type=\"widget\" data-widget_type=\"text-editor.default\">\n\t\t\t\t<div class=\"elementor-widget-container\">\n\t\t\t\t\t\t\t\t\t<p>Nemojte da koristite ovaj portal u nezakonite svrhe i njihovo promovisanje.<\/p><p>Ukoliko ne kr\u0161ite pravila ovog portala onda mo\u017eete besplatno i isklju\u010divo li\u010dno i nekomercijalno da koristite na\u0161e sadr\u017eaje.<\/p><p>Svi tekstovi su autorski tako da je neophodno sklopiti ugovor sa nama ukoliko \u017eelite da tekstove ili slike ili njihove delove upotrebite u komercijalne svrhe. Slobodno nas kontaktirajte.<\/p><p>Sadr\u017eaje, informacije, savete, usluge i proizvode na na\u0161em portalu koristite na vlastitu odgovornost tako da nismo odgovorni za bilo kakvu \u0161tetu koja je proistekla njihovim kori\u0161\u0107enjem. Isto va\u017ei i za reklame, sadr\u017eaje i linkove do kojih ste do\u0161li uz pomo\u0107 na\u0161eg portala kao i za skidanje fajlova i u\u010ditavanje dokumenata na Va\u0161 ra\u010dunar.<\/p><p>Ukoliko je do\u0161lo do prekida, obustavljanja ili okon\u010danja rada portala nismo odgovorni korisnicima, ni tre\u0107im licima, za nastalu \u0161tetu bila ona direktna, indirektna ili slu\u010dajna ili povezana sa pogre\u0161nom upotrebom ili nemogu\u0107no\u0161\u0107u upotrebe stranice ili servisa na\u0161eg portala.<\/p>\t\t\t\t\t\t\t\t<\/div>\n\t\t\t\t<\/div>\n\t\t\t\t<div class=\"elementor-element elementor-element-c1283bb elementor-widget elementor-widget-heading\" data-id=\"c1283bb\" data-element_type=\"widget\" data-e-type=\"widget\" data-widget_type=\"heading.default\">\n\t\t\t\t<div class=\"elementor-widget-container\">\n\t\t\t\t\t<h2 class=\"elementor-heading-title elementor-size-default\">Sponzorstva i reklamiranje\n\n<\/h2>\t\t\t\t<\/div>\n\t\t\t\t<\/div>\n\t\t\t\t<div class=\"elementor-element elementor-element-9b9ebdf elementor-widget elementor-widget-text-editor\" data-id=\"9b9ebdf\" data-element_type=\"widget\" data-e-type=\"widget\" data-widget_type=\"text-editor.default\">\n\t\t\t\t<div class=\"elementor-widget-container\">\n\t\t\t\t\t\t\t\t\t<p>Delovi portala mogu sadr\u017eati sponzorstva i reklame, te su sponzori i ogla\u0161iva\u010di du\u017eni da obezbede materijal za objavu na portalu. Ne snosimo odgovornost za neta\u010dnosti i gre\u0161ke u reklamnom i sponzorskom materijalu.<\/p>\t\t\t\t\t\t\t\t<\/div>\n\t\t\t\t<\/div>\n\t\t\t\t\t<\/div>\n\t\t<\/div>\n\t\t\t\t\t<\/div>\n\t\t<\/section>\n\t\t\t\t<section class=\"elementor-section elementor-top-section elementor-element elementor-element-fbab9d0 elementor-section-boxed elementor-section-height-default elementor-section-height-default\" data-id=\"fbab9d0\" data-element_type=\"section\" data-e-type=\"section\">\n\t\t\t\t\t\t<div class=\"elementor-container elementor-column-gap-default\">\n\t\t\t\t\t<div class=\"elementor-column elementor-col-100 elementor-top-column elementor-element elementor-element-beec37e\" data-id=\"beec37e\" data-element_type=\"column\" data-e-type=\"column\">\n\t\t\t<div class=\"elementor-widget-wrap\">\n\t\t\t\t\t\t\t<\/div>\n\t\t<\/div>\n\t\t\t\t\t<\/div>\n\t\t<\/section>\n\t\t\t\t<\/div>","protected":false},"excerpt":{"rendered":"<p>Terms and Conditions \ud83d\udcc4\u2696\ufe0f Trustworthiness Note These Terms and Conditions reflect the high standards of Trustworthiness and Transparency upheld by the EasyDailyThings Editorial Team. Our commitment is to protect your data and ensure a clear, safe user experience on our platform. Acceptance of Terms: Consent by Using the Platform If you use easydailythings.com portal, it [&hellip;]<\/p>\n","protected":false},"author":1,"featured_media":3141,"parent":0,"menu_order":0,"comment_status":"closed","ping_status":"closed","template":"","meta":{"nf_dc_page":"","om_disable_all_campaigns":false,"WB4WB4WP_MODE":"","WB4WP_PAGE_SCRIPTS":"","WB4WP_PAGE_STYLES":"","WB4WP_PAGE_FONTS":"","WB4WP_PAGE_HEADER":"","WB4WP_PAGE_FOOTER":"","_monsterinsights_skip_tracking":false,"_monsterinsights_sitenote_active":false,"_monsterinsights_sitenote_note":"","_monsterinsights_sitenote_category":0,"footnotes":""},"class_list":["post-1563","page","type-page","status-publish","has-post-thumbnail","hentry"],"_links":{"self":[{"href":"https:\/\/easydailythings.com\/sr\/wp-json\/wp\/v2\/pages\/1563","targetHints":{"allow":["GET"]}}],"collection":[{"href":"https:\/\/easydailythings.com\/sr\/wp-json\/wp\/v2\/pages"}],"about":[{"href":"https:\/\/easydailythings.com\/sr\/wp-json\/wp\/v2\/types\/page"}],"author":[{"embeddable":true,"href":"https:\/\/easydailythings.com\/sr\/wp-json\/wp\/v2\/users\/1"}],"replies":[{"embeddable":true,"href":"https:\/\/easydailythings.com\/sr\/wp-json\/wp\/v2\/comments?post=1563"}],"version-history":[{"count":5,"href":"https:\/\/easydailythings.com\/sr\/wp-json\/wp\/v2\/pages\/1563\/revisions"}],"predecessor-version":[{"id":12015,"href":"https:\/\/easydailythings.com\/sr\/wp-json\/wp\/v2\/pages\/1563\/revisions\/12015"}],"wp:featuredmedia":[{"embeddable":true,"href":"https:\/\/easydailythings.com\/sr\/wp-json\/wp\/v2\/media\/3141"}],"wp:attachment":[{"href":"https:\/\/easydailythings.com\/sr\/wp-json\/wp\/v2\/media?parent=1563"}],"curies":[{"name":"wp","href":"https:\/\/api.w.org\/{rel}","templated":true}]}}