{"id":980,"date":"2021-10-12T19:39:32","date_gmt":"2021-10-12T19:39:32","guid":{"rendered":"https:\/\/easydailythings.com\/?page_id=980"},"modified":"2026-02-21T16:40:09","modified_gmt":"2026-02-21T16:40:09","slug":"glavna-strana","status":"publish","type":"page","link":"https:\/\/easydailythings.com\/sr\/","title":{"rendered":"Po\u010detna"},"content":{"rendered":"<div data-elementor-type=\"wp-page\" data-elementor-id=\"980\" class=\"elementor elementor-980\" data-elementor-post-type=\"page\">\n\t\t\t\t\t\t<section class=\"elementor-section elementor-top-section elementor-element elementor-element-f5698f5 elementor-section-boxed elementor-section-height-default elementor-section-height-default\" data-id=\"f5698f5\" data-element_type=\"section\" data-e-type=\"section\">\n\t\t\t\t\t\t<div class=\"elementor-container elementor-column-gap-default\">\n\t\t\t\t\t<div class=\"elementor-column elementor-col-100 elementor-top-column elementor-element elementor-element-4f9188f\" data-id=\"4f9188f\" data-element_type=\"column\" data-e-type=\"column\">\n\t\t\t<div class=\"elementor-widget-wrap elementor-element-populated\">\n\t\t\t\t\t\t<div class=\"elementor-element elementor-element-ddde677 elementor-widget-divider--view-line elementor-widget elementor-widget-divider\" data-id=\"ddde677\" data-element_type=\"widget\" data-e-type=\"widget\" data-widget_type=\"divider.default\">\n\t\t\t\t<div class=\"elementor-widget-container\">\n\t\t\t\t\t\t\t<div class=\"elementor-divider\">\n\t\t\t<span class=\"elementor-divider-separator\">\n\t\t\t\t\t\t<\/span>\n\t\t<\/div>\n\t\t\t\t\t\t<\/div>\n\t\t\t\t<\/div>\n\t\t\t\t<div class=\"elementor-element elementor-element-cf5f873 elementor-widget elementor-widget-heading\" data-id=\"cf5f873\" data-element_type=\"widget\" data-e-type=\"widget\" data-widget_type=\"heading.default\">\n\t\t\t\t<div class=\"elementor-widget-container\">\n\t\t\t\t\t<h2 class=\"elementor-heading-title elementor-size-default\">Na Easy Daily Things, sve je organizovano u tri sna\u017ena HUB-a osmi\u0161ljena da pojednostave va\u0161 svakodnevni \u017eivot. Bilo da \u017eelite da izgradite sre\u0107nu i organizovanu porodicu, stvorite funkcionalan dom ili pove\u0107ate dnevnu energiju i produktivnost, po\u010dnite ovde i istra\u017eite oblast koja najbolje odgovara va\u0161im trenutnim potrebama.\n<\/h2>\t\t\t\t<\/div>\n\t\t\t\t<\/div>\n\t\t\t\t<div class=\"elementor-element elementor-element-9763523 elementor-widget-divider--view-line elementor-widget elementor-widget-divider\" data-id=\"9763523\" data-element_type=\"widget\" data-e-type=\"widget\" data-widget_type=\"divider.default\">\n\t\t\t\t<div class=\"elementor-widget-container\">\n\t\t\t\t\t\t\t<div class=\"elementor-divider\">\n\t\t\t<span class=\"elementor-divider-separator\">\n\t\t\t\t\t\t<\/span>\n\t\t<\/div>\n\t\t\t\t\t\t<\/div>\n\t\t\t\t<\/div>\n\t\t\t\t<section class=\"elementor-section elementor-inner-section elementor-element elementor-element-0b423b8 elementor-section-boxed elementor-section-height-default elementor-section-height-default\" data-id=\"0b423b8\" data-element_type=\"section\" data-e-type=\"section\">\n\t\t\t\t\t\t<div class=\"elementor-container elementor-column-gap-default\">\n\t\t\t\t\t<div class=\"elementor-column elementor-col-33 elementor-inner-column elementor-element elementor-element-bd3415a\" data-id=\"bd3415a\" data-element_type=\"column\" data-e-type=\"column\">\n\t\t\t<div class=\"elementor-widget-wrap elementor-element-populated\">\n\t\t\t\t\t\t<div class=\"elementor-element elementor-element-53c8815 elementor-widget elementor-widget-heading\" data-id=\"53c8815\" data-element_type=\"widget\" data-e-type=\"widget\" data-widget_type=\"heading.default\">\n\t\t\t\t<div class=\"elementor-widget-container\">\n\t\t\t\t\t<h2 class=\"elementor-heading-title elementor-size-default\"><a href=\"https:\/\/easydailythings.com\/sr\/srecna-i-organizovana-porodica-hub\/\">Sre\u0107na i organizovana porodica \ud83d\udc68\u200d\ud83d\udc69\u200d\ud83d\udc67<\/a><\/h2>\t\t\t\t<\/div>\n\t\t\t\t<\/div>\n\t\t\t\t<div class=\"elementor-element elementor-element-2a8a7bf elementor-grid-1 elementor-posts--align-center elementor-grid-tablet-1 elementor-grid-mobile-1 elementor-posts--thumbnail-top elementor-widget elementor-widget-posts\" data-id=\"2a8a7bf\" data-element_type=\"widget\" data-e-type=\"widget\" data-settings=\"{&quot;classic_columns&quot;:&quot;1&quot;,&quot;classic_columns_tablet&quot;:&quot;1&quot;,&quot;classic_columns_mobile&quot;:&quot;1&quot;,&quot;classic_row_gap&quot;:{&quot;unit&quot;:&quot;px&quot;,&quot;size&quot;:35,&quot;sizes&quot;:[]},&quot;classic_row_gap_tablet&quot;:{&quot;unit&quot;:&quot;px&quot;,&quot;size&quot;:&quot;&quot;,&quot;sizes&quot;:[]},&quot;classic_row_gap_mobile&quot;:{&quot;unit&quot;:&quot;px&quot;,&quot;size&quot;:&quot;&quot;,&quot;sizes&quot;:[]}}\" data-widget_type=\"posts.classic\">\n\t\t\t\t<div class=\"elementor-widget-container\">\n\t\t\t\t\t\t\t<div class=\"elementor-posts-container elementor-posts elementor-posts--skin-classic elementor-grid\" role=\"list\">\n\t\t\t\t<article class=\"elementor-post elementor-grid-item post-13998 post type-post status-publish format-standard has-post-thumbnail hentry category-family-systems\" role=\"listitem\">\n\t\t\t\t<a class=\"elementor-post__thumbnail__link\" href=\"https:\/\/easydailythings.com\/sr\/family-systems\/\" tabindex=\"-1\" >\n\t\t\t<div class=\"elementor-post__thumbnail\"><img loading=\"lazy\" decoding=\"async\" width=\"768\" height=\"768\" src=\"https:\/\/i0.wp.com\/easydailythings.com\/wp-content\/uploads\/2026\/02\/Family-system.jpg?fit=768%2C768&amp;ssl=1\" class=\"attachment-medium_large size-medium_large wp-image-13934\" alt=\"Family systems HUBconcept \u2013 organized and happy family at home\" title=\"\" srcset=\"https:\/\/i0.wp.com\/easydailythings.com\/wp-content\/uploads\/2026\/02\/Family-system.jpg?w=1080&amp;ssl=1 1080w, https:\/\/i0.wp.com\/easydailythings.com\/wp-content\/uploads\/2026\/02\/Family-system.jpg?resize=300%2C300&amp;ssl=1 300w, https:\/\/i0.wp.com\/easydailythings.com\/wp-content\/uploads\/2026\/02\/Family-system.jpg?resize=1024%2C1024&amp;ssl=1 1024w, https:\/\/i0.wp.com\/easydailythings.com\/wp-content\/uploads\/2026\/02\/Family-system.jpg?resize=150%2C150&amp;ssl=1 150w, https:\/\/i0.wp.com\/easydailythings.com\/wp-content\/uploads\/2026\/02\/Family-system.jpg?resize=768%2C768&amp;ssl=1 768w, https:\/\/i0.wp.com\/easydailythings.com\/wp-content\/uploads\/2026\/02\/Family-system.jpg?resize=12%2C12&amp;ssl=1 12w\" sizes=\"auto, (max-width: 768px) 100vw, 768px\" \/><\/div>\n\t\t<\/a>\n\t\t\t\t<div class=\"elementor-post__text\">\n\t\t\t\t<h6 class=\"elementor-post__title\">\n\t\t\t<a href=\"https:\/\/easydailythings.com\/sr\/family-systems\/\" >\n\t\t\t\tSre\u0107na i organizovana porodica: Roditeljstvo, deca i li\u010dni razvoj\t\t\t<\/a>\n\t\t<\/h6>\n\t\t\t\t<\/div>\n\t\t\t\t<\/article>\n\t\t\t\t<\/div>\n\t\t\n\t\t\t\t\t\t<\/div>\n\t\t\t\t<\/div>\n\t\t\t\t<div class=\"elementor-element elementor-element-0a4083f elementor-align-center elementor-mobile-align-center elementor-widget elementor-widget-button\" data-id=\"0a4083f\" data-element_type=\"widget\" data-e-type=\"widget\" data-widget_type=\"button.default\">\n\t\t\t\t<div class=\"elementor-widget-container\">\n\t\t\t\t\t\t\t\t\t<div class=\"elementor-button-wrapper\">\n\t\t\t\t\t<a class=\"elementor-button elementor-button-link elementor-size-sm\" href=\"https:\/\/easydailythings.com\/sr\/srecna-i-organizovana-porodica-hub\/\">\n\t\t\t\t\t\t<span class=\"elementor-button-content-wrapper\">\n\t\t\t\t\t\t\t\t\t<span class=\"elementor-button-text\">\ud83d\udcda Jo\u0161 tekstova<\/span>\n\t\t\t\t\t<\/span>\n\t\t\t\t\t<\/a>\n\t\t\t\t<\/div>\n\t\t\t\t\t\t\t\t<\/div>\n\t\t\t\t<\/div>\n\t\t\t\t\t<\/div>\n\t\t<\/div>\n\t\t\t\t<div class=\"elementor-column elementor-col-33 elementor-inner-column elementor-element elementor-element-2f86a3e\" data-id=\"2f86a3e\" data-element_type=\"column\" data-e-type=\"column\">\n\t\t\t<div class=\"elementor-widget-wrap elementor-element-populated\">\n\t\t\t\t\t\t<div class=\"elementor-element elementor-element-97193a2 elementor-widget elementor-widget-heading\" data-id=\"97193a2\" data-element_type=\"widget\" data-e-type=\"widget\" data-widget_type=\"heading.default\">\n\t\t\t\t<div class=\"elementor-widget-container\">\n\t\t\t\t\t<h2 class=\"elementor-heading-title elementor-size-default\"><a href=\"https:\/\/easydailythings.com\/sr\/organizacija-i-uredjenje-doma-hub\/\">Organizacija i uredjenje doma \ud83c\udfe0<\/a><\/h2>\t\t\t\t<\/div>\n\t\t\t\t<\/div>\n\t\t\t\t<div class=\"elementor-element elementor-element-f0b6631 elementor-grid-1 elementor-posts--align-center elementor-grid-tablet-1 elementor-grid-mobile-1 elementor-posts--thumbnail-top elementor-widget elementor-widget-posts\" data-id=\"f0b6631\" data-element_type=\"widget\" data-e-type=\"widget\" data-settings=\"{&quot;classic_columns&quot;:&quot;1&quot;,&quot;classic_columns_tablet&quot;:&quot;1&quot;,&quot;classic_columns_mobile&quot;:&quot;1&quot;,&quot;classic_row_gap&quot;:{&quot;unit&quot;:&quot;px&quot;,&quot;size&quot;:35,&quot;sizes&quot;:[]},&quot;classic_row_gap_tablet&quot;:{&quot;unit&quot;:&quot;px&quot;,&quot;size&quot;:&quot;&quot;,&quot;sizes&quot;:[]},&quot;classic_row_gap_mobile&quot;:{&quot;unit&quot;:&quot;px&quot;,&quot;size&quot;:&quot;&quot;,&quot;sizes&quot;:[]}}\" data-widget_type=\"posts.classic\">\n\t\t\t\t<div class=\"elementor-widget-container\">\n\t\t\t\t\t\t\t<div class=\"elementor-posts-container elementor-posts elementor-posts--skin-classic elementor-grid\" role=\"list\">\n\t\t\t\t<article class=\"elementor-post elementor-grid-item post-14056 post type-post status-publish format-standard has-post-thumbnail hentry category-organized-home\" role=\"listitem\">\n\t\t\t\t<a class=\"elementor-post__thumbnail__link\" href=\"https:\/\/easydailythings.com\/sr\/organized-home\/\" tabindex=\"-1\" >\n\t\t\t<div class=\"elementor-post__thumbnail\"><img loading=\"lazy\" decoding=\"async\" width=\"768\" height=\"768\" src=\"https:\/\/i0.wp.com\/easydailythings.com\/wp-content\/uploads\/2026\/02\/Organized-home.jpg?fit=768%2C768&amp;ssl=1\" class=\"attachment-medium_large size-medium_large wp-image-13936\" alt=\"Organizacija i uredjenje doma: Ultimativni vodi\u010d za funkcionalan i uredan dom\" title=\"\" srcset=\"https:\/\/i0.wp.com\/easydailythings.com\/wp-content\/uploads\/2026\/02\/Organized-home.jpg?w=1080&amp;ssl=1 1080w, https:\/\/i0.wp.com\/easydailythings.com\/wp-content\/uploads\/2026\/02\/Organized-home.jpg?resize=300%2C300&amp;ssl=1 300w, https:\/\/i0.wp.com\/easydailythings.com\/wp-content\/uploads\/2026\/02\/Organized-home.jpg?resize=1024%2C1024&amp;ssl=1 1024w, https:\/\/i0.wp.com\/easydailythings.com\/wp-content\/uploads\/2026\/02\/Organized-home.jpg?resize=150%2C150&amp;ssl=1 150w, https:\/\/i0.wp.com\/easydailythings.com\/wp-content\/uploads\/2026\/02\/Organized-home.jpg?resize=768%2C768&amp;ssl=1 768w, https:\/\/i0.wp.com\/easydailythings.com\/wp-content\/uploads\/2026\/02\/Organized-home.jpg?resize=12%2C12&amp;ssl=1 12w\" sizes=\"auto, (max-width: 768px) 100vw, 768px\" \/><\/div>\n\t\t<\/a>\n\t\t\t\t<div class=\"elementor-post__text\">\n\t\t\t\t<h6 class=\"elementor-post__title\">\n\t\t\t<a href=\"https:\/\/easydailythings.com\/sr\/organized-home\/\" >\n\t\t\t\tOrganizacija i uredjenje doma: Ultimativni vodi\u010d za funkcionalan i uredan dom\t\t\t<\/a>\n\t\t<\/h6>\n\t\t\t\t<\/div>\n\t\t\t\t<\/article>\n\t\t\t\t<\/div>\n\t\t\n\t\t\t\t\t\t<\/div>\n\t\t\t\t<\/div>\n\t\t\t\t<div class=\"elementor-element elementor-element-030fdd7 elementor-align-center elementor-mobile-align-center elementor-widget elementor-widget-button\" data-id=\"030fdd7\" data-element_type=\"widget\" data-e-type=\"widget\" data-widget_type=\"button.default\">\n\t\t\t\t<div class=\"elementor-widget-container\">\n\t\t\t\t\t\t\t\t\t<div class=\"elementor-button-wrapper\">\n\t\t\t\t\t<a class=\"elementor-button elementor-button-link elementor-size-sm\" href=\"https:\/\/easydailythings.com\/sr\/organizacija-i-uredjenje-doma-hub\/\">\n\t\t\t\t\t\t<span class=\"elementor-button-content-wrapper\">\n\t\t\t\t\t\t\t\t\t<span class=\"elementor-button-text\">\ud83d\udcda Jo\u0161 tekstova<\/span>\n\t\t\t\t\t<\/span>\n\t\t\t\t\t<\/a>\n\t\t\t\t<\/div>\n\t\t\t\t\t\t\t\t<\/div>\n\t\t\t\t<\/div>\n\t\t\t\t\t<\/div>\n\t\t<\/div>\n\t\t\t\t<div class=\"elementor-column elementor-col-33 elementor-inner-column elementor-element elementor-element-477313c\" data-id=\"477313c\" data-element_type=\"column\" data-e-type=\"column\">\n\t\t\t<div class=\"elementor-widget-wrap elementor-element-populated\">\n\t\t\t\t\t\t<div class=\"elementor-element elementor-element-3edbc09 elementor-widget elementor-widget-heading\" data-id=\"3edbc09\" data-element_type=\"widget\" data-e-type=\"widget\" data-widget_type=\"heading.default\">\n\t\t\t\t<div class=\"elementor-widget-container\">\n\t\t\t\t\t<h2 class=\"elementor-heading-title elementor-size-default\"><a href=\"https:\/\/easydailythings.com\/sr\/energija-i-zdrav-stil-zivota-hub\/\">Energija i zdrav stil \u017eivota\u26a1<\/a><\/h2>\t\t\t\t<\/div>\n\t\t\t\t<\/div>\n\t\t\t\t<div class=\"elementor-element elementor-element-c4d4ac1 elementor-grid-1 elementor-posts--align-center elementor-grid-tablet-1 elementor-grid-mobile-1 elementor-posts--thumbnail-top elementor-widget elementor-widget-posts\" data-id=\"c4d4ac1\" data-element_type=\"widget\" data-e-type=\"widget\" data-settings=\"{&quot;classic_columns&quot;:&quot;1&quot;,&quot;classic_columns_tablet&quot;:&quot;1&quot;,&quot;classic_columns_mobile&quot;:&quot;1&quot;,&quot;classic_row_gap&quot;:{&quot;unit&quot;:&quot;px&quot;,&quot;size&quot;:35,&quot;sizes&quot;:[]},&quot;classic_row_gap_tablet&quot;:{&quot;unit&quot;:&quot;px&quot;,&quot;size&quot;:&quot;&quot;,&quot;sizes&quot;:[]},&quot;classic_row_gap_mobile&quot;:{&quot;unit&quot;:&quot;px&quot;,&quot;size&quot;:&quot;&quot;,&quot;sizes&quot;:[]}}\" data-widget_type=\"posts.classic\">\n\t\t\t\t<div class=\"elementor-widget-container\">\n\t\t\t\t\t\t\t<div class=\"elementor-posts-container elementor-posts elementor-posts--skin-classic elementor-grid\" role=\"list\">\n\t\t\t\t<article class=\"elementor-post elementor-grid-item post-14074 post type-post status-publish format-standard has-post-thumbnail hentry category-daily-energy\" role=\"listitem\">\n\t\t\t\t<a class=\"elementor-post__thumbnail__link\" href=\"https:\/\/easydailythings.com\/sr\/daily-energy\/\" tabindex=\"-1\" >\n\t\t\t<div class=\"elementor-post__thumbnail\"><img loading=\"lazy\" decoding=\"async\" width=\"768\" height=\"768\" src=\"https:\/\/i0.wp.com\/easydailythings.com\/wp-content\/uploads\/2026\/02\/Daily-energy.jpg?fit=768%2C768&amp;ssl=1\" class=\"attachment-medium_large size-medium_large wp-image-13938\" alt=\"Morning routine for daily energy and balanced lifestyle\" title=\"\" srcset=\"https:\/\/i0.wp.com\/easydailythings.com\/wp-content\/uploads\/2026\/02\/Daily-energy.jpg?w=1080&amp;ssl=1 1080w, https:\/\/i0.wp.com\/easydailythings.com\/wp-content\/uploads\/2026\/02\/Daily-energy.jpg?resize=300%2C300&amp;ssl=1 300w, https:\/\/i0.wp.com\/easydailythings.com\/wp-content\/uploads\/2026\/02\/Daily-energy.jpg?resize=1024%2C1024&amp;ssl=1 1024w, https:\/\/i0.wp.com\/easydailythings.com\/wp-content\/uploads\/2026\/02\/Daily-energy.jpg?resize=150%2C150&amp;ssl=1 150w, https:\/\/i0.wp.com\/easydailythings.com\/wp-content\/uploads\/2026\/02\/Daily-energy.jpg?resize=768%2C768&amp;ssl=1 768w, https:\/\/i0.wp.com\/easydailythings.com\/wp-content\/uploads\/2026\/02\/Daily-energy.jpg?resize=12%2C12&amp;ssl=1 12w\" sizes=\"auto, (max-width: 768px) 100vw, 768px\" \/><\/div>\n\t\t<\/a>\n\t\t\t\t<div class=\"elementor-post__text\">\n\t\t\t\t<h6 class=\"elementor-post__title\">\n\t\t\t<a href=\"https:\/\/easydailythings.com\/sr\/daily-energy\/\" >\n\t\t\t\tEnergija i zdrav stil \u017eivota: Sveobuhvatan vodi\u010d za vrhunsku produktivnost i vitalnost\t\t\t<\/a>\n\t\t<\/h6>\n\t\t\t\t<\/div>\n\t\t\t\t<\/article>\n\t\t\t\t<\/div>\n\t\t\n\t\t\t\t\t\t<\/div>\n\t\t\t\t<\/div>\n\t\t\t\t<div class=\"elementor-element elementor-element-124be31 elementor-align-center elementor-mobile-align-center elementor-widget elementor-widget-button\" data-id=\"124be31\" data-element_type=\"widget\" data-e-type=\"widget\" data-widget_type=\"button.default\">\n\t\t\t\t<div class=\"elementor-widget-container\">\n\t\t\t\t\t\t\t\t\t<div class=\"elementor-button-wrapper\">\n\t\t\t\t\t<a class=\"elementor-button elementor-button-link elementor-size-sm\" href=\"https:\/\/easydailythings.com\/sr\/energija-i-zdrav-stil-zivota-hub\/\">\n\t\t\t\t\t\t<span class=\"elementor-button-content-wrapper\">\n\t\t\t\t\t\t\t\t\t<span class=\"elementor-button-text\">\ud83d\udcda Jo\u0161 tekstova<\/span>\n\t\t\t\t\t<\/span>\n\t\t\t\t\t<\/a>\n\t\t\t\t<\/div>\n\t\t\t\t\t\t\t\t<\/div>\n\t\t\t\t<\/div>\n\t\t\t\t\t<\/div>\n\t\t<\/div>\n\t\t\t\t\t<\/div>\n\t\t<\/section>\n\t\t\t\t<div class=\"elementor-element elementor-element-107f979 elementor-widget-divider--view-line elementor-widget elementor-widget-divider\" data-id=\"107f979\" data-element_type=\"widget\" data-e-type=\"widget\" data-widget_type=\"divider.default\">\n\t\t\t\t<div class=\"elementor-widget-container\">\n\t\t\t\t\t\t\t<div class=\"elementor-divider\">\n\t\t\t<span class=\"elementor-divider-separator\">\n\t\t\t\t\t\t<\/span>\n\t\t<\/div>\n\t\t\t\t\t\t<\/div>\n\t\t\t\t<\/div>\n\t\t\t\t<div class=\"elementor-element elementor-element-2f98309 elementor-widget elementor-widget-template\" data-id=\"2f98309\" data-element_type=\"widget\" data-e-type=\"widget\" data-widget_type=\"template.default\">\n\t\t\t\t<div class=\"elementor-widget-container\">\n\t\t\t\t\t\t\t<div class=\"elementor-template\">\n\t\t\t\t\t<div data-elementor-type=\"section\" data-elementor-id=\"13976\" class=\"elementor elementor-13976\" data-elementor-post-type=\"elementor_library\">\n\t\t\t\t\t<section class=\"elementor-section elementor-top-section elementor-element elementor-element-67c7a7b elementor-section-boxed elementor-section-height-default elementor-section-height-default\" data-id=\"67c7a7b\" data-element_type=\"section\" data-e-type=\"section\">\n\t\t\t\t\t\t<div class=\"elementor-container elementor-column-gap-default\">\n\t\t\t\t\t<div class=\"elementor-column elementor-col-100 elementor-top-column elementor-element elementor-element-626f97d\" data-id=\"626f97d\" data-element_type=\"column\" data-e-type=\"column\">\n\t\t\t<div class=\"elementor-widget-wrap elementor-element-populated\">\n\t\t\t\t\t\t<section class=\"elementor-section elementor-inner-section elementor-element elementor-element-18d6eeb elementor-section-boxed elementor-section-height-default elementor-section-height-default\" data-id=\"18d6eeb\" data-element_type=\"section\" data-e-type=\"section\">\n\t\t\t\t\t\t<div class=\"elementor-container elementor-column-gap-default\">\n\t\t\t\t\t<div class=\"elementor-column elementor-col-50 elementor-inner-column elementor-element elementor-element-aee3036\" data-id=\"aee3036\" data-element_type=\"column\" data-e-type=\"column\">\n\t\t\t<div class=\"elementor-widget-wrap elementor-element-populated\">\n\t\t\t\t\t\t<div class=\"elementor-element elementor-element-e2574df elementor-widget elementor-widget-heading\" data-id=\"e2574df\" data-element_type=\"widget\" data-e-type=\"widget\" data-widget_type=\"heading.default\">\n\t\t\t\t<div class=\"elementor-widget-container\">\n\t\t\t\t\t<h2 class=\"elementor-heading-title elementor-size-default\">Ostale dostupne kategorije <\/h2>\t\t\t\t<\/div>\n\t\t\t\t<\/div>\n\t\t\t\t<div class=\"elementor-element elementor-element-4f63c7c elementor-widget elementor-widget-heading\" data-id=\"4f63c7c\" data-element_type=\"widget\" data-e-type=\"widget\" data-widget_type=\"heading.default\">\n\t\t\t\t<div class=\"elementor-widget-container\">\n\t\t\t\t\t<h3 class=\"elementor-heading-title elementor-size-default\"><a href=\"https:\/\/easydailythings.com\/sr\/brzi-saveti\/\">Brzi saveti \ud83d\udcf2<\/a><\/h3>\t\t\t\t<\/div>\n\t\t\t\t<\/div>\n\t\t\t\t<div class=\"elementor-element elementor-element-c898ac4 elementor-widget elementor-widget-heading\" data-id=\"c898ac4\" data-element_type=\"widget\" data-e-type=\"widget\" data-widget_type=\"heading.default\">\n\t\t\t\t<div class=\"elementor-widget-container\">\n\t\t\t\t\t<h3 class=\"elementor-heading-title elementor-size-default\"><a href=\"https:\/\/easydailythings.com\/sr\/porodica\/\">Porodica \ud83d\udc68\u200d\ud83d\udc69\u200d\ud83d\udc67<\/a><\/h3>\t\t\t\t<\/div>\n\t\t\t\t<\/div>\n\t\t\t\t<div class=\"elementor-element elementor-element-dab8918 elementor-widget elementor-widget-heading\" data-id=\"dab8918\" data-element_type=\"widget\" data-e-type=\"widget\" data-widget_type=\"heading.default\">\n\t\t\t\t<div class=\"elementor-widget-container\">\n\t\t\t\t\t<h3 class=\"elementor-heading-title elementor-size-default\"><a href=\"https:\/\/easydailythings.com\/sr\/kuca\/\">Ku\u0107a \ud83c\udfe0<\/a><\/h3>\t\t\t\t<\/div>\n\t\t\t\t<\/div>\n\t\t\t\t<div class=\"elementor-element elementor-element-f48a97f elementor-widget elementor-widget-heading\" data-id=\"f48a97f\" data-element_type=\"widget\" data-e-type=\"widget\" data-widget_type=\"heading.default\">\n\t\t\t\t<div class=\"elementor-widget-container\">\n\t\t\t\t\t<h3 class=\"elementor-heading-title elementor-size-default\"><a href=\"https:\/\/easydailythings.com\/sr\/posao-3\/\">Posao \ud83d\udcbc<\/a><\/h3>\t\t\t\t<\/div>\n\t\t\t\t<\/div>\n\t\t\t\t<div class=\"elementor-element elementor-element-e3604df elementor-widget elementor-widget-heading\" data-id=\"e3604df\" data-element_type=\"widget\" data-e-type=\"widget\" data-widget_type=\"heading.default\">\n\t\t\t\t<div class=\"elementor-widget-container\">\n\t\t\t\t\t<h3 class=\"elementor-heading-title elementor-size-default\"><a href=\"https:\/\/easydailythings.com\/sr\/lepota\/\">Lepota\ud83d\udc84<\/a><\/h3>\t\t\t\t<\/div>\n\t\t\t\t<\/div>\n\t\t\t\t<div class=\"elementor-element elementor-element-fe65c89 elementor-widget elementor-widget-heading\" data-id=\"fe65c89\" data-element_type=\"widget\" data-e-type=\"widget\" data-widget_type=\"heading.default\">\n\t\t\t\t<div class=\"elementor-widget-container\">\n\t\t\t\t\t<h3 class=\"elementor-heading-title elementor-size-default\"><a href=\"https:\/\/easydailythings.com\/sr\/zdravlje\/\">Zdravlje\ud83e\udeb4<\/a><\/h3>\t\t\t\t<\/div>\n\t\t\t\t<\/div>\n\t\t\t\t<div class=\"elementor-element elementor-element-e4681e0 elementor-widget elementor-widget-heading\" data-id=\"e4681e0\" data-element_type=\"widget\" data-e-type=\"widget\" data-widget_type=\"heading.default\">\n\t\t\t\t<div class=\"elementor-widget-container\">\n\t\t\t\t\t<h3 class=\"elementor-heading-title elementor-size-default\"><a href=\"https:\/\/easydailythings.com\/sr\/hrana\/\">Hrana  \ud83c\udf7d\ufe0f<\/a><\/h3>\t\t\t\t<\/div>\n\t\t\t\t<\/div>\n\t\t\t\t<div class=\"elementor-element elementor-element-4a430e6 elementor-widget elementor-widget-heading\" data-id=\"4a430e6\" data-element_type=\"widget\" data-e-type=\"widget\" data-widget_type=\"heading.default\">\n\t\t\t\t<div class=\"elementor-widget-container\">\n\t\t\t\t\t<h3 class=\"elementor-heading-title elementor-size-default\"><a href=\"https:\/\/easydailythings.com\/sr\/pametno-i-zanimljivo\/\">Pametno &amp; zanimljivo \ud83d\udca1<\/a><\/h3>\t\t\t\t<\/div>\n\t\t\t\t<\/div>\n\t\t\t\t\t<\/div>\n\t\t<\/div>\n\t\t\t\t<div class=\"elementor-column elementor-col-50 elementor-inner-column elementor-element elementor-element-ac2ecbb\" data-id=\"ac2ecbb\" data-element_type=\"column\" data-e-type=\"column\">\n\t\t\t<div class=\"elementor-widget-wrap elementor-element-populated\">\n\t\t\t\t\t\t<div class=\"elementor-element elementor-element-6e8671e elementor-widget elementor-widget-heading\" data-id=\"6e8671e\" data-element_type=\"widget\" data-e-type=\"widget\" data-widget_type=\"heading.default\">\n\t\t\t\t<div class=\"elementor-widget-container\">\n\t\t\t\t\t<h2 class=\"elementor-heading-title elementor-size-default\">Ostali aktivni HUB-ovi<\/h2>\t\t\t\t<\/div>\n\t\t\t\t<\/div>\n\t\t\t\t<div class=\"elementor-element elementor-element-eedb021 elementor-widget elementor-widget-heading\" data-id=\"eedb021\" data-element_type=\"widget\" data-e-type=\"widget\" data-widget_type=\"heading.default\">\n\t\t\t\t<div class=\"elementor-widget-container\">\n\t\t\t\t\t<h3 class=\"elementor-heading-title elementor-size-default\"><a href=\"https:\/\/easydailythings.com\/sr\/srecna-i-organizovana-porodica-hub\/\">1\ufe0f\u20e3 HUB: Sre\u0107na i organizovana porodica \ud83d\udc68\u200d\ud83d\udc69\u200d\ud83d\udc67<\/a><\/h3>\t\t\t\t<\/div>\n\t\t\t\t<\/div>\n\t\t\t\t<div class=\"elementor-element elementor-element-e47543f elementor-widget elementor-widget-heading\" data-id=\"e47543f\" data-element_type=\"widget\" data-e-type=\"widget\" data-widget_type=\"heading.default\">\n\t\t\t\t<div class=\"elementor-widget-container\">\n\t\t\t\t\t<h3 class=\"elementor-heading-title elementor-size-default\"><a href=\"https:\/\/easydailythings.com\/sr\/organizacija-i-uredjenje-doma-hub\/\">2\ufe0f\u20e3 HUB: Organizacija i uredjenje doma \ud83c\udfe0<\/a><\/h3>\t\t\t\t<\/div>\n\t\t\t\t<\/div>\n\t\t\t\t<div class=\"elementor-element elementor-element-f123bfd elementor-widget elementor-widget-heading\" data-id=\"f123bfd\" data-element_type=\"widget\" data-e-type=\"widget\" data-widget_type=\"heading.default\">\n\t\t\t\t<div class=\"elementor-widget-container\">\n\t\t\t\t\t<h3 class=\"elementor-heading-title elementor-size-default\"><a href=\"https:\/\/easydailythings.com\/sr\/energija-i-zdrav-stil-zivota-hub\/\">3\ufe0f\u20e3 HUB: Energija i zdrav stil \u017eivota \u26a1\u00a0<\/a><\/h3>\t\t\t\t<\/div>\n\t\t\t\t<\/div>\n\t\t\t\t\t<\/div>\n\t\t<\/div>\n\t\t\t\t\t<\/div>\n\t\t<\/section>\n\t\t\t\t\t<\/div>\n\t\t<\/div>\n\t\t\t\t\t<\/div>\n\t\t<\/section>\n\t\t\t\t<\/div>\n\t\t\t\t<\/div>\n\t\t\t\t\t\t<\/div>\n\t\t\t\t<\/div>\n\t\t\t\t\t<\/div>\n\t\t<\/div>\n\t\t\t\t\t<\/div>\n\t\t<\/section>\n\t\t\t\t<\/div>","protected":false},"excerpt":{"rendered":"<p>At Easy Daily Things, everything is organized into three powerful HUBs designed to simplify your daily life. Whether you want to build stronger family systems,<\/p>","protected":false},"author":1,"featured_media":6506,"parent":0,"menu_order":0,"comment_status":"closed","ping_status":"closed","template":"wb4wp-template.php","meta":{"nf_dc_page":"","om_disable_all_campaigns":false,"WB4WB4WP_MODE":"","WB4WP_PAGE_SCRIPTS":"","WB4WP_PAGE_STYLES":"","WB4WP_PAGE_FONTS":"","WB4WP_PAGE_HEADER":"","WB4WP_PAGE_FOOTER":"","_monsterinsights_skip_tracking":false,"_monsterinsights_sitenote_active":false,"_monsterinsights_sitenote_note":"","_monsterinsights_sitenote_category":0,"footnotes":""},"class_list":["post-980","page","type-page","status-publish","has-post-thumbnail","hentry"],"_links":{"self":[{"href":"https:\/\/easydailythings.com\/sr\/wp-json\/wp\/v2\/pages\/980","targetHints":{"allow":["GET"]}}],"collection":[{"href":"https:\/\/easydailythings.com\/sr\/wp-json\/wp\/v2\/pages"}],"about":[{"href":"https:\/\/easydailythings.com\/sr\/wp-json\/wp\/v2\/types\/page"}],"author":[{"embeddable":true,"href":"https:\/\/easydailythings.com\/sr\/wp-json\/wp\/v2\/users\/1"}],"replies":[{"embeddable":true,"href":"https:\/\/easydailythings.com\/sr\/wp-json\/wp\/v2\/comments?post=980"}],"version-history":[{"count":5,"href":"https:\/\/easydailythings.com\/sr\/wp-json\/wp\/v2\/pages\/980\/revisions"}],"predecessor-version":[{"id":14129,"href":"https:\/\/easydailythings.com\/sr\/wp-json\/wp\/v2\/pages\/980\/revisions\/14129"}],"wp:featuredmedia":[{"embeddable":true,"href":"https:\/\/easydailythings.com\/sr\/wp-json\/wp\/v2\/media\/6506"}],"wp:attachment":[{"href":"https:\/\/easydailythings.com\/sr\/wp-json\/wp\/v2\/media?parent=980"}],"curies":[{"name":"wp","href":"https:\/\/api.w.org\/{rel}","templated":true}]}}